{"id":483,"date":"2025-06-11T20:53:54","date_gmt":"2025-06-11T23:53:54","guid":{"rendered":"https:\/\/cirat.org\/comunidades-agroflorestais\/?page_id=483"},"modified":"2026-02-25T10:28:55","modified_gmt":"2026-02-25T13:28:55","slug":"resultados-esperados","status":"publish","type":"page","link":"https:\/\/cirat.org\/comunidades-agroflorestais\/resultados-esperados\/","title":{"rendered":"Resultados esperados"},"content":{"rendered":"\t\t<div data-elementor-type=\"wp-page\" data-elementor-id=\"483\" class=\"elementor elementor-483\" data-elementor-post-type=\"page\">\n\t\t\t\t<div class=\"elementor-element elementor-element-05645a0 e-con-full e-flex e-con e-parent\" data-id=\"05645a0\" data-element_type=\"container\">\n\t\t<div class=\"elementor-element elementor-element-3a0f059 e-con-full e-flex e-con e-child\" data-id=\"3a0f059\" data-element_type=\"container\" data-settings=\"{&quot;background_background&quot;:&quot;classic&quot;}\">\n\t\t\t\t<\/div>\n\t\t<div class=\"elementor-element elementor-element-f3d5f99 e-con-full e-flex e-con e-child\" data-id=\"f3d5f99\" data-element_type=\"container\">\n\t\t<div class=\"elementor-element elementor-element-d96a4c2 e-con-full e-flex e-con e-child\" data-id=\"d96a4c2\" data-element_type=\"container\">\n\t\t\t\t<div class=\"elementor-element elementor-element-d2648cc elementor-widget elementor-widget-heading\" data-id=\"d2648cc\" data-element_type=\"widget\" data-widget_type=\"heading.default\">\n\t\t\t\t<div class=\"elementor-widget-container\">\n\t\t\t\t\t<h2 class=\"elementor-heading-title elementor-size-default\">Resultados<\/h2>\t\t\t\t<\/div>\n\t\t\t\t<\/div>\n\t\t\t\t<div class=\"elementor-element elementor-element-f062d38 elementor-widget elementor-widget-text-editor\" data-id=\"f062d38\" data-element_type=\"widget\" data-widget_type=\"text-editor.default\">\n\t\t\t\t<div class=\"elementor-widget-container\">\n\t\t\t\t\t\t\t\t\t<p>O Projeto Comunidades Agroflorestais vem promovendo a\u00e7\u00f5es integradas de restaura\u00e7\u00e3o ambiental, fortalecimento da agricultura familiar e gera\u00e7\u00e3o de renda sustent\u00e1vel. Os resultados alcan\u00e7ados demonstram que <strong>a transi\u00e7\u00e3o agroecol\u00f3gica \u00e9 poss\u00edvel, vi\u00e1vel e essencial<\/strong> para a seguran\u00e7a h\u00eddrica e para o futuro das comunidades rurais.<\/p><p>Este projeto \u00e9 fruto da articula\u00e7\u00e3o realizada entre os parceiros para viabilizar mais recursos para o avan\u00e7o da agenda socioambiental no \u00e2mbito do Programa Produtor de \u00c1gua do Descoberto, com intuito de <b>fortalecer e integrar as a\u00e7\u00f5es\u00a0<\/b>j\u00e1 existentes de atores essenciais e de alta relev\u00e2ncia no territ\u00f3rio.<\/p>\t\t\t\t\t\t\t\t<\/div>\n\t\t\t\t<\/div>\n\t\t\t\t<\/div>\n\t\t\t\t<\/div>\n\t\t\t\t<\/div>\n\t\t<div class=\"elementor-element elementor-element-9a45918 e-con-full e-flex e-con e-parent\" data-id=\"9a45918\" data-element_type=\"container\">\n\t\t<div class=\"elementor-element elementor-element-abe71e2 e-con-full e-flex e-con e-child\" data-id=\"abe71e2\" data-element_type=\"container\">\n\t\t\t\t<div class=\"elementor-element elementor-element-9e1fc54 elementor-widget elementor-widget-heading\" data-id=\"9e1fc54\" data-element_type=\"widget\" data-widget_type=\"heading.default\">\n\t\t\t\t<div class=\"elementor-widget-container\">\n\t\t\t\t\t<h2 class=\"elementor-heading-title elementor-size-default\">impactos ambientais<\/h2>\t\t\t\t<\/div>\n\t\t\t\t<\/div>\n\t\t\t\t<div class=\"elementor-element elementor-element-40deccc elementor-widget elementor-widget-text-editor\" data-id=\"40deccc\" data-element_type=\"widget\" data-widget_type=\"text-editor.default\">\n\t\t\t\t<div class=\"elementor-widget-container\">\n\t\t\t\t\t\t\t\t\t<h4 data-start=\"2576\" data-end=\"2641\"><strong data-start=\"2580\" data-end=\"2641\">\u2714 <\/strong><strong data-start=\"1021\" data-end=\"1066\">Recupera\u00e7\u00e3o de \u00c1reas Produtoras de \u00c1gua<\/strong><\/h4><ul data-start=\"1067\" data-end=\"1257\"><li data-start=\"1067\" data-end=\"1130\"><p data-start=\"1069\" data-end=\"1130\"><strong data-start=\"1069\" data-end=\"1083\">3 hectares<\/strong> restaurados com esp\u00e9cies nativas do Cerrado;<\/p><\/li><li data-start=\"1131\" data-end=\"1192\"><p data-start=\"1133\" data-end=\"1192\">Implanta\u00e7\u00e3o de pr\u00e1ticas de conserva\u00e7\u00e3o do solo e da \u00e1gua;<\/p><\/li><li data-start=\"1193\" data-end=\"1257\"><p data-start=\"1195\" data-end=\"1257\">Manejo sustent\u00e1vel das bacias do Parano\u00e1 e do Alto Descoberto.<\/p><\/li><\/ul><h4 data-start=\"2576\" data-end=\"2641\"><strong data-start=\"2580\" data-end=\"2641\">\u2714 <\/strong><strong data-start=\"1263\" data-end=\"1316\">Sistemas Agroflorestais implantados e manejados<\/strong><\/h4><ul data-start=\"1317\" data-end=\"1503\"><li data-start=\"1317\" data-end=\"1376\"><p data-start=\"1319\" data-end=\"1376\"><strong data-start=\"1319\" data-end=\"1334\">14 hectares<\/strong> em sistemas agroflorestais biodiversos;<\/p><\/li><li data-start=\"1377\" data-end=\"1440\"><p data-start=\"1379\" data-end=\"1440\">Reintrodu\u00e7\u00e3o de esp\u00e9cies nativas, frut\u00edferas e adubadeiras;<\/p><\/li><li data-start=\"1441\" data-end=\"1503\"><p data-start=\"1443\" data-end=\"1503\">Regenera\u00e7\u00e3o de \u00e1reas degradadas com t\u00e9cnicas agroecol\u00f3gicas.<\/p><\/li><\/ul>\t\t\t\t\t\t\t\t<\/div>\n\t\t\t\t<\/div>\n\t\t\t\t<\/div>\n\t\t<div class=\"elementor-element elementor-element-7709ec8 e-con-full e-flex e-con e-child\" data-id=\"7709ec8\" data-element_type=\"container\">\n\t\t\t\t<div class=\"elementor-element elementor-element-fcdce65 elementor-widget elementor-widget-image\" data-id=\"fcdce65\" data-element_type=\"widget\" data-widget_type=\"image.default\">\n\t\t\t\t<div class=\"elementor-widget-container\">\n\t\t\t\t\t\t\t\t\t\t\t\t\t\t\t<img fetchpriority=\"high\" decoding=\"async\" width=\"1400\" height=\"1050\" src=\"https:\/\/cirat.org\/comunidades-agroflorestais\/wp-content\/uploads\/2025\/06\/1706802444436.jpg\" class=\"attachment-1536x1536 size-1536x1536 wp-image-287\" alt=\"\" srcset=\"https:\/\/cirat.org\/comunidades-agroflorestais\/wp-content\/uploads\/2025\/06\/1706802444436.jpg 1400w, https:\/\/cirat.org\/comunidades-agroflorestais\/wp-content\/uploads\/2025\/06\/1706802444436-300x225.jpg 300w, https:\/\/cirat.org\/comunidades-agroflorestais\/wp-content\/uploads\/2025\/06\/1706802444436-1024x768.jpg 1024w, https:\/\/cirat.org\/comunidades-agroflorestais\/wp-content\/uploads\/2025\/06\/1706802444436-768x576.jpg 768w\" sizes=\"(max-width: 1400px) 100vw, 1400px\" \/>\t\t\t\t\t\t\t\t\t\t\t\t\t\t\t<\/div>\n\t\t\t\t<\/div>\n\t\t\t\t<\/div>\n\t\t\t\t<\/div>\n\t\t<div class=\"elementor-element elementor-element-fb1b413 e-con-full e-flex e-con e-parent\" data-id=\"fb1b413\" data-element_type=\"container\" data-settings=\"{&quot;background_background&quot;:&quot;classic&quot;}\">\n\t\t<div class=\"elementor-element elementor-element-557a424 e-con-full e-flex e-con e-child\" data-id=\"557a424\" data-element_type=\"container\" data-settings=\"{&quot;background_background&quot;:&quot;classic&quot;}\">\n\t\t\t\t<\/div>\n\t\t<div class=\"elementor-element elementor-element-b1e82d3 e-con-full e-flex e-con e-child\" data-id=\"b1e82d3\" data-element_type=\"container\">\n\t\t<div class=\"elementor-element elementor-element-ea33324 e-con-full e-flex e-con e-child\" data-id=\"ea33324\" data-element_type=\"container\">\n\t\t\t\t<div class=\"elementor-element elementor-element-237f3cf elementor-widget elementor-widget-heading\" data-id=\"237f3cf\" data-element_type=\"widget\" data-widget_type=\"heading.default\">\n\t\t\t\t<div class=\"elementor-widget-container\">\n\t\t\t\t\t<h2 class=\"elementor-heading-title elementor-size-default\">impactos sociais e econ\u00f4micos<\/h2>\t\t\t\t<\/div>\n\t\t\t\t<\/div>\n\t\t\t\t<div class=\"elementor-element elementor-element-21b7d7d elementor-widget elementor-widget-text-editor\" data-id=\"21b7d7d\" data-element_type=\"widget\" data-widget_type=\"text-editor.default\">\n\t\t\t\t<div class=\"elementor-widget-container\">\n\t\t\t\t\t\t\t\t\t<h4 data-start=\"2576\" data-end=\"2641\"><strong data-start=\"2580\" data-end=\"2641\">\u2714\u00a0<\/strong><strong data-start=\"1555\" data-end=\"1599\">Fortalecimento da agricultura familiar<\/strong><\/h4><ul data-start=\"1600\" data-end=\"1781\"><li data-start=\"1600\" data-end=\"1659\"><p data-start=\"1602\" data-end=\"1659\"><strong data-start=\"1602\" data-end=\"1647\">Mais de 15 unidades produtivas familiares<\/strong> apoiadas;<\/p><\/li><li data-start=\"1660\" data-end=\"1721\"><p data-start=\"1662\" data-end=\"1721\">Acompanhamento t\u00e9cnico cont\u00ednuo e planejamento de safras;<\/p><\/li><li data-start=\"1722\" data-end=\"1781\"><p data-start=\"1724\" data-end=\"1781\">Reestrutura\u00e7\u00e3o de \u00e1reas produtivas tradicionais com SAFs.<\/p><\/li><\/ul><h4 data-start=\"2576\" data-end=\"2641\"><strong data-start=\"2580\" data-end=\"2641\">\u2714 <\/strong><strong data-start=\"1787\" data-end=\"1831\">Gera\u00e7\u00e3o de renda e seguran\u00e7a alimentar<\/strong><\/h4><ul data-start=\"1832\" data-end=\"2081\"><li data-start=\"1832\" data-end=\"2081\"><p data-start=\"1834\" data-end=\"1885\">Implanta\u00e7\u00e3o e fortalecimento de iniciativas como:<\/p><ul data-start=\"1888\" data-end=\"2081\"><li data-start=\"1945\" data-end=\"2019\"><p data-start=\"1947\" data-end=\"2019\">Beneficiamento e agrega\u00e7\u00e3o de valor a produtos da sociobiodiversidade<\/p><\/li><li data-start=\"2022\" data-end=\"2081\"><p data-start=\"2024\" data-end=\"2081\">Organiza\u00e7\u00e3o comunit\u00e1ria para comercializa\u00e7\u00e3o sustent\u00e1vel.<\/p><\/li><\/ul><\/li><\/ul><h4 data-start=\"2576\" data-end=\"2641\"><strong data-start=\"2580\" data-end=\"2641\">\u2714 <\/strong><strong data-start=\"2087\" data-end=\"2115\">Forma\u00e7\u00e3o e capacita\u00e7\u00e3o<\/strong><\/h4><ul data-start=\"2116\" data-end=\"2306\"><li data-start=\"2116\" data-end=\"2236\"><p data-start=\"2118\" data-end=\"2236\">Cursos, viv\u00eancias e oficinas em agroecologia, gest\u00e3o da \u00e1gua, manejo agroflorestal, beneficiamento e cooperativismo;<\/p><\/li><li data-start=\"2237\" data-end=\"2306\"><p data-start=\"2239\" data-end=\"2306\">Participa\u00e7\u00e3o massiva de agricultores, jovens rurais e comunit\u00e1rios.<\/p><\/li><\/ul>\t\t\t\t\t\t\t\t<\/div>\n\t\t\t\t<\/div>\n\t\t\t\t<\/div>\n\t\t\t\t<\/div>\n\t\t\t\t<\/div>\n\t\t<div class=\"elementor-element elementor-element-b5dd4af e-con-full e-flex e-con e-parent\" data-id=\"b5dd4af\" data-element_type=\"container\">\n\t\t<div class=\"elementor-element elementor-element-957a2a0 e-con-full e-flex e-con e-child\" data-id=\"957a2a0\" data-element_type=\"container\">\n\t\t\t\t<div class=\"elementor-element elementor-element-83bcc14 elementor-widget elementor-widget-heading\" data-id=\"83bcc14\" data-element_type=\"widget\" data-widget_type=\"heading.default\">\n\t\t\t\t<div class=\"elementor-widget-container\">\n\t\t\t\t\t<h2 class=\"elementor-heading-title elementor-size-default\">impacto na sociedade<\/h2>\t\t\t\t<\/div>\n\t\t\t\t<\/div>\n\t\t\t\t<div class=\"elementor-element elementor-element-13b1700 elementor-widget elementor-widget-text-editor\" data-id=\"13b1700\" data-element_type=\"widget\" data-widget_type=\"text-editor.default\">\n\t\t\t\t<div class=\"elementor-widget-container\">\n\t\t\t\t\t\t\t\t\t<h4 data-start=\"2576\" data-end=\"2641\"><strong data-start=\"2580\" data-end=\"2641\">\u2714 <\/strong><strong data-start=\"2349\" data-end=\"2387\">Educa\u00e7\u00e3o ambiental e mobiliza\u00e7\u00e3o<\/strong><\/h4><ul data-start=\"2388\" data-end=\"2574\"><li data-start=\"2388\" data-end=\"2497\"><p data-start=\"2390\" data-end=\"2497\"><strong data-start=\"2390\" data-end=\"2426\">Mais de 8.000 pessoas impactadas<\/strong> por a\u00e7\u00f5es de comunica\u00e7\u00e3o, oficinas, mutir\u00f5es e campanhas educativas;<\/p><\/li><li data-start=\"2498\" data-end=\"2574\"><p data-start=\"2500\" data-end=\"2574\">Divulga\u00e7\u00e3o de pr\u00e1ticas regenerativas e valoriza\u00e7\u00e3o da sociobiodiversidade.<\/p><\/li><\/ul><h4 data-start=\"2576\" data-end=\"2641\"><strong data-start=\"2580\" data-end=\"2641\">\u2714 Fortalecimento das pol\u00edticas locais de sustentabilidade<\/strong><\/h4><ul data-start=\"2642\" data-end=\"2851\"><li data-start=\"2642\" data-end=\"2709\"><p data-start=\"2644\" data-end=\"2709\">Integra\u00e7\u00e3o com a\u00e7\u00f5es territoriais para prote\u00e7\u00e3o dos mananciais;<\/p><\/li><li data-start=\"2710\" data-end=\"2768\"><p data-start=\"2712\" data-end=\"2768\">Contribui\u00e7\u00e3o direta para a seguran\u00e7a h\u00eddrica regional;<\/p><\/li><li data-start=\"2769\" data-end=\"2851\"><p data-start=\"2771\" data-end=\"2851\">Amplia\u00e7\u00e3o do di\u00e1logo entre comunidades, institui\u00e7\u00f5es p\u00fablicas e sociedade civil.<\/p><\/li><\/ul>\t\t\t\t\t\t\t\t<\/div>\n\t\t\t\t<\/div>\n\t\t\t\t<\/div>\n\t\t<div class=\"elementor-element elementor-element-0d7aa53 e-con-full e-flex e-con e-child\" data-id=\"0d7aa53\" data-element_type=\"container\">\n\t\t\t\t<div class=\"elementor-element elementor-element-8b31572 elementor-widget elementor-widget-image\" data-id=\"8b31572\" data-element_type=\"widget\" data-widget_type=\"image.default\">\n\t\t\t\t<div class=\"elementor-widget-container\">\n\t\t\t\t\t\t\t\t\t\t\t\t\t\t\t<img fetchpriority=\"high\" decoding=\"async\" width=\"1400\" height=\"1050\" src=\"https:\/\/cirat.org\/comunidades-agroflorestais\/wp-content\/uploads\/2025\/06\/1706802444436.jpg\" class=\"attachment-1536x1536 size-1536x1536 wp-image-287\" alt=\"\" srcset=\"https:\/\/cirat.org\/comunidades-agroflorestais\/wp-content\/uploads\/2025\/06\/1706802444436.jpg 1400w, https:\/\/cirat.org\/comunidades-agroflorestais\/wp-content\/uploads\/2025\/06\/1706802444436-300x225.jpg 300w, https:\/\/cirat.org\/comunidades-agroflorestais\/wp-content\/uploads\/2025\/06\/1706802444436-1024x768.jpg 1024w, https:\/\/cirat.org\/comunidades-agroflorestais\/wp-content\/uploads\/2025\/06\/1706802444436-768x576.jpg 768w\" sizes=\"(max-width: 1400px) 100vw, 1400px\" \/>\t\t\t\t\t\t\t\t\t\t\t\t\t\t\t<\/div>\n\t\t\t\t<\/div>\n\t\t\t\t<\/div>\n\t\t\t\t<\/div>\n\t\t<div class=\"elementor-element elementor-element-57aaef1 e-flex e-con-boxed e-con e-parent\" data-id=\"57aaef1\" data-element_type=\"container\">\n\t\t\t\t\t<div class=\"e-con-inner\">\n\t\t\t\t<div class=\"elementor-element elementor-element-d5197aa elementor-widget elementor-widget-spacer\" data-id=\"d5197aa\" data-element_type=\"widget\" data-widget_type=\"spacer.default\">\n\t\t\t\t<div class=\"elementor-widget-container\">\n\t\t\t\t\t\t\t<div class=\"elementor-spacer\">\n\t\t\t<div class=\"elementor-spacer-inner\"><\/div>\n\t\t<\/div>\n\t\t\t\t\t\t<\/div>\n\t\t\t\t<\/div>\n\t\t\t\t<div class=\"elementor-element elementor-element-d51a091 elementor-widget elementor-widget-heading\" data-id=\"d51a091\" data-element_type=\"widget\" data-widget_type=\"heading.default\">\n\t\t\t\t<div class=\"elementor-widget-container\">\n\t\t\t\t\t<h2 class=\"elementor-heading-title elementor-size-default\"><h2 data-elementor-setting-key=\"title\" data-pen-placeholder=\"Digite aqui...\" style=\"font-family: Roboto, sans-serif;font-weight: 900;font-size: 40px;text-transform: uppercase\">Por que esses resultados s\u00e3o importantes?<\/h2><\/h2>\t\t\t\t<\/div>\n\t\t\t\t<\/div>\n\t\t\t\t<div class=\"elementor-element elementor-element-128ddd2 elementor-widget elementor-widget-text-editor\" data-id=\"128ddd2\" data-element_type=\"widget\" data-widget_type=\"text-editor.default\">\n\t\t\t\t<div class=\"elementor-widget-container\">\n\t\t\t\t\t\t\t\t\t<p data-start=\"2910\" data-end=\"3171\">Ao unir restaura\u00e7\u00e3o ambiental, inclus\u00e3o produtiva e fortalecimento comunit\u00e1rio, o projeto CAF demonstra que <b>\u00e9 poss\u00edvel produzir alimentos saud\u00e1veis, recuperar \u00e1reas degradadas e proteger a \u00e1gua<\/b> \u2013 <b>ao mesmo tempo em que se melhora a qualidade de vida das fam\u00edlias rurais.<\/b><\/p><p>\u00a0<\/p><p data-start=\"3173\" data-end=\"3294\">O projeto avan\u00e7a como refer\u00eancia em agroecologia, justi\u00e7a clim\u00e1tica e gest\u00e3o integrada da \u00e1gua nos territ\u00f3rios atendidos.<\/p>\t\t\t\t\t\t\t\t<\/div>\n\t\t\t\t<\/div>\n\t\t\t\t\t<\/div>\n\t\t\t\t<\/div>\n\t\t\t\t<\/div>\n\t\t","protected":false},"excerpt":{"rendered":"<p>Resultados O Projeto Comunidades Agroflorestais vem promovendo a\u00e7\u00f5es integradas de restaura\u00e7\u00e3o ambiental, fortalecimento da agricultura familiar e gera\u00e7\u00e3o de renda sustent\u00e1vel. Os resultados alcan\u00e7ados demonstram que a transi\u00e7\u00e3o agroecol\u00f3gica \u00e9 poss\u00edvel, vi\u00e1vel e essencial para a seguran\u00e7a h\u00eddrica e para o futuro das comunidades rurais. Este projeto \u00e9 fruto da articula\u00e7\u00e3o realizada entre os parceiros [&hellip;]<\/p>\n","protected":false},"author":3,"featured_media":0,"parent":0,"menu_order":0,"comment_status":"closed","ping_status":"closed","template":"","meta":{"inline_featured_image":false,"footnotes":""},"class_list":["post-483","page","type-page","status-publish","hentry"],"_links":{"self":[{"href":"https:\/\/cirat.org\/comunidades-agroflorestais\/wp-json\/wp\/v2\/pages\/483","targetHints":{"allow":["GET"]}}],"collection":[{"href":"https:\/\/cirat.org\/comunidades-agroflorestais\/wp-json\/wp\/v2\/pages"}],"about":[{"href":"https:\/\/cirat.org\/comunidades-agroflorestais\/wp-json\/wp\/v2\/types\/page"}],"author":[{"embeddable":true,"href":"https:\/\/cirat.org\/comunidades-agroflorestais\/wp-json\/wp\/v2\/users\/3"}],"replies":[{"embeddable":true,"href":"https:\/\/cirat.org\/comunidades-agroflorestais\/wp-json\/wp\/v2\/comments?post=483"}],"version-history":[{"count":115,"href":"https:\/\/cirat.org\/comunidades-agroflorestais\/wp-json\/wp\/v2\/pages\/483\/revisions"}],"predecessor-version":[{"id":1601,"href":"https:\/\/cirat.org\/comunidades-agroflorestais\/wp-json\/wp\/v2\/pages\/483\/revisions\/1601"}],"wp:attachment":[{"href":"https:\/\/cirat.org\/comunidades-agroflorestais\/wp-json\/wp\/v2\/media?parent=483"}],"curies":[{"name":"wp","href":"https:\/\/api.w.org\/{rel}","templated":true}]}}