{"id":324,"date":"2025-06-09T22:15:52","date_gmt":"2025-06-10T01:15:52","guid":{"rendered":"https:\/\/cirat.org\/comunidades-agroflorestais\/?page_id=324"},"modified":"2025-07-15T20:19:12","modified_gmt":"2025-07-15T23:19:12","slug":"parceiros","status":"publish","type":"page","link":"https:\/\/cirat.org\/comunidades-agroflorestais\/parceiros\/","title":{"rendered":"Parceiros"},"content":{"rendered":"\t\t<div data-elementor-type=\"wp-page\" data-elementor-id=\"324\" class=\"elementor elementor-324\" data-elementor-post-type=\"page\">\n\t\t\t\t<div class=\"elementor-element elementor-element-1dc7dd4e e-con-full e-flex e-con e-parent\" data-id=\"1dc7dd4e\" data-element_type=\"container\">\n\t\t<div class=\"elementor-element elementor-element-28794b28 e-con-full e-flex e-con e-child\" data-id=\"28794b28\" data-element_type=\"container\" data-settings=\"{&quot;background_background&quot;:&quot;classic&quot;}\">\n\t\t\t\t<div class=\"elementor-element elementor-element-768de80d elementor-widget elementor-widget-spacer\" data-id=\"768de80d\" data-element_type=\"widget\" data-widget_type=\"spacer.default\">\n\t\t\t\t<div class=\"elementor-widget-container\">\n\t\t\t\t\t\t\t<div class=\"elementor-spacer\">\n\t\t\t<div class=\"elementor-spacer-inner\"><\/div>\n\t\t<\/div>\n\t\t\t\t\t\t<\/div>\n\t\t\t\t<\/div>\n\t\t\t\t<\/div>\n\t\t<div class=\"elementor-element elementor-element-39a99242 e-con-full e-flex e-con e-child\" data-id=\"39a99242\" data-element_type=\"container\">\n\t\t<div class=\"elementor-element elementor-element-59461562 e-con-full e-flex e-con e-child\" data-id=\"59461562\" data-element_type=\"container\">\n\t\t\t\t<div class=\"elementor-element elementor-element-687974a elementor-widget elementor-widget-heading\" data-id=\"687974a\" data-element_type=\"widget\" data-widget_type=\"heading.default\">\n\t\t\t\t<div class=\"elementor-widget-container\">\n\t\t\t\t\t<h2 class=\"elementor-heading-title elementor-size-default\">PARCEIROS\u200b<\/h2>\t\t\t\t<\/div>\n\t\t\t\t<\/div>\n\t\t\t\t<div class=\"elementor-element elementor-element-45b7f3a elementor-widget elementor-widget-text-editor\" data-id=\"45b7f3a\" data-element_type=\"widget\" data-widget_type=\"text-editor.default\">\n\t\t\t\t<div class=\"elementor-widget-container\">\n\t\t\t\t\t\t\t\t\t<p>Este projeto \u00e9 fruto da articula\u00e7\u00e3o realizada entre os parceiros para viabilizar mais recursos para o avan\u00e7o da agenda socioambiental no \u00e2mbito do Programa Produtor de \u00c1gua do DF e do estado de Goi\u00e1s, com intuito de fortalecer e integrar as a\u00e7\u00f5es j\u00e1 existentes de atores essenciais e de alta relev\u00e2ncia no territ\u00f3rio.<\/p>\t\t\t\t\t\t\t\t<\/div>\n\t\t\t\t<\/div>\n\t\t<div class=\"elementor-element elementor-element-f07b96a e-con-full e-flex e-con e-child\" data-id=\"f07b96a\" data-element_type=\"container\">\n\t\t<div class=\"elementor-element elementor-element-1424c56 e-con-full e-flex e-con e-child\" data-id=\"1424c56\" data-element_type=\"container\">\n\t\t\t\t<div class=\"elementor-element elementor-element-356f4407 elementor-widget elementor-widget-heading\" data-id=\"356f4407\" data-element_type=\"widget\" data-widget_type=\"heading.default\">\n\t\t\t\t<div class=\"elementor-widget-container\">\n\t\t\t\t\t<h2 class=\"elementor-heading-title elementor-size-default\">Realiza\u00e7\u00e3o<\/h2>\t\t\t\t<\/div>\n\t\t\t\t<\/div>\n\t\t\t\t<div class=\"elementor-element elementor-element-622b9920 elementor-widget elementor-widget-image\" data-id=\"622b9920\" data-element_type=\"widget\" data-widget_type=\"image.default\">\n\t\t\t\t<div class=\"elementor-widget-container\">\n\t\t\t\t\t\t\t\t\t\t\t\t\t\t\t\t<a href=\"https:\/\/cirat.org\" target=\"_blank\">\n\t\t\t\t\t\t\t<img fetchpriority=\"high\" decoding=\"async\" width=\"441\" height=\"138\" src=\"https:\/\/cirat.org\/comunidades-agroflorestais\/wp-content\/uploads\/2025\/05\/realizacao-logo-cirat.png\" class=\"attachment-large size-large wp-image-139\" alt=\"\" srcset=\"https:\/\/cirat.org\/comunidades-agroflorestais\/wp-content\/uploads\/2025\/05\/realizacao-logo-cirat.png 441w, https:\/\/cirat.org\/comunidades-agroflorestais\/wp-content\/uploads\/2025\/05\/realizacao-logo-cirat-300x94.png 300w\" sizes=\"(max-width: 441px) 100vw, 441px\" \/>\t\t\t\t\t\t\t\t<\/a>\n\t\t\t\t\t\t\t\t\t\t\t\t\t\t\t<\/div>\n\t\t\t\t<\/div>\n\t\t\t\t<div class=\"elementor-element elementor-element-1f63ece elementor-widget elementor-widget-spacer\" data-id=\"1f63ece\" data-element_type=\"widget\" data-widget_type=\"spacer.default\">\n\t\t\t\t<div class=\"elementor-widget-container\">\n\t\t\t\t\t\t\t<div class=\"elementor-spacer\">\n\t\t\t<div class=\"elementor-spacer-inner\"><\/div>\n\t\t<\/div>\n\t\t\t\t\t\t<\/div>\n\t\t\t\t<\/div>\n\t\t\t\t<\/div>\n\t\t<div class=\"elementor-element elementor-element-9aa32ff e-con-full e-flex e-con e-child\" data-id=\"9aa32ff\" data-element_type=\"container\">\n\t\t\t\t<div class=\"elementor-element elementor-element-48894cb4 elementor-widget elementor-widget-heading\" data-id=\"48894cb4\" data-element_type=\"widget\" data-widget_type=\"heading.default\">\n\t\t\t\t<div class=\"elementor-widget-container\">\n\t\t\t\t\t<h2 class=\"elementor-heading-title elementor-size-default\">Apoio<\/h2>\t\t\t\t<\/div>\n\t\t\t\t<\/div>\n\t\t\t\t<div class=\"elementor-element elementor-element-6aeec5d0 elementor-widget elementor-widget-image\" data-id=\"6aeec5d0\" data-element_type=\"widget\" data-widget_type=\"image.default\">\n\t\t\t\t<div class=\"elementor-widget-container\">\n\t\t\t\t\t\t\t\t\t\t\t\t\t\t\t\t<a href=\"https:\/\/fbb.org.br\/\" target=\"_blank\">\n\t\t\t\t\t\t\t<img decoding=\"async\" width=\"430\" height=\"94\" src=\"https:\/\/cirat.org\/comunidades-agroflorestais\/wp-content\/uploads\/2025\/05\/apoio-fundacao-bb.png\" class=\"attachment-large size-large wp-image-138\" alt=\"\" srcset=\"https:\/\/cirat.org\/comunidades-agroflorestais\/wp-content\/uploads\/2025\/05\/apoio-fundacao-bb.png 430w, https:\/\/cirat.org\/comunidades-agroflorestais\/wp-content\/uploads\/2025\/05\/apoio-fundacao-bb-300x66.png 300w\" sizes=\"(max-width: 430px) 100vw, 430px\" \/>\t\t\t\t\t\t\t\t<\/a>\n\t\t\t\t\t\t\t\t\t\t\t\t\t\t\t<\/div>\n\t\t\t\t<\/div>\n\t\t\t\t<\/div>\n\t\t\t\t<\/div>\n\t\t<div class=\"elementor-element elementor-element-33388a4 e-grid e-con-full e-con e-child\" data-id=\"33388a4\" data-element_type=\"container\" data-settings=\"{&quot;background_background&quot;:&quot;classic&quot;}\">\n\t\t<div class=\"elementor-element elementor-element-5f0e51b e-grid e-con-full e-con e-child\" data-id=\"5f0e51b\" data-element_type=\"container\">\n\t\t\t\t<div class=\"elementor-element elementor-element-d54eac7 elementor-widget elementor-widget-image\" data-id=\"d54eac7\" data-element_type=\"widget\" data-widget_type=\"image.default\">\n\t\t\t\t<div class=\"elementor-widget-container\">\n\t\t\t\t\t\t\t\t\t\t\t\t\t\t\t<img decoding=\"async\" width=\"168\" height=\"171\" src=\"https:\/\/cirat.org\/comunidades-agroflorestais\/wp-content\/uploads\/2025\/05\/parceiro-logo-cds-unb.png\" class=\"attachment-large size-large wp-image-132\" alt=\"\" \/>\t\t\t\t\t\t\t\t\t\t\t\t\t\t\t<\/div>\n\t\t\t\t<\/div>\n\t\t\t\t<div class=\"elementor-element elementor-element-15820b3 elementor-widget elementor-widget-image\" data-id=\"15820b3\" data-element_type=\"widget\" data-widget_type=\"image.default\">\n\t\t\t\t<div class=\"elementor-widget-container\">\n\t\t\t\t\t\t\t\t\t\t\t\t\t\t\t<img loading=\"lazy\" decoding=\"async\" width=\"330\" height=\"184\" src=\"https:\/\/cirat.org\/comunidades-agroflorestais\/wp-content\/uploads\/2025\/05\/parceiro-logo-associacao-terrazul.png\" class=\"attachment-large size-large wp-image-130\" alt=\"\" srcset=\"https:\/\/cirat.org\/comunidades-agroflorestais\/wp-content\/uploads\/2025\/05\/parceiro-logo-associacao-terrazul.png 330w, https:\/\/cirat.org\/comunidades-agroflorestais\/wp-content\/uploads\/2025\/05\/parceiro-logo-associacao-terrazul-300x167.png 300w\" sizes=\"(max-width: 330px) 100vw, 330px\" \/>\t\t\t\t\t\t\t\t\t\t\t\t\t\t\t<\/div>\n\t\t\t\t<\/div>\n\t\t\t\t<div class=\"elementor-element elementor-element-4b240d1 elementor-widget elementor-widget-image\" data-id=\"4b240d1\" data-element_type=\"widget\" data-widget_type=\"image.default\">\n\t\t\t\t<div class=\"elementor-widget-container\">\n\t\t\t\t\t\t\t\t\t\t\t\t\t\t\t<img loading=\"lazy\" decoding=\"async\" width=\"238\" height=\"195\" src=\"https:\/\/cirat.org\/comunidades-agroflorestais\/wp-content\/uploads\/2025\/05\/parceiro-logo-produtor-agua-descoberto.png\" class=\"attachment-large size-large wp-image-129\" alt=\"\" \/>\t\t\t\t\t\t\t\t\t\t\t\t\t\t\t<\/div>\n\t\t\t\t<\/div>\n\t\t\t\t<div class=\"elementor-element elementor-element-e11e8b7 elementor-widget elementor-widget-image\" data-id=\"e11e8b7\" data-element_type=\"widget\" data-widget_type=\"image.default\">\n\t\t\t\t<div class=\"elementor-widget-container\">\n\t\t\t\t\t\t\t\t\t\t\t\t\t\t\t<img loading=\"lazy\" decoding=\"async\" width=\"357\" height=\"176\" src=\"https:\/\/cirat.org\/comunidades-agroflorestais\/wp-content\/uploads\/2025\/05\/parceiro-logo-embrapa.png\" class=\"attachment-large size-large wp-image-133\" alt=\"\" srcset=\"https:\/\/cirat.org\/comunidades-agroflorestais\/wp-content\/uploads\/2025\/05\/parceiro-logo-embrapa.png 357w, https:\/\/cirat.org\/comunidades-agroflorestais\/wp-content\/uploads\/2025\/05\/parceiro-logo-embrapa-300x148.png 300w\" sizes=\"(max-width: 357px) 100vw, 357px\" \/>\t\t\t\t\t\t\t\t\t\t\t\t\t\t\t<\/div>\n\t\t\t\t<\/div>\n\t\t\t\t<div class=\"elementor-element elementor-element-19b6f96 elementor-widget elementor-widget-image\" data-id=\"19b6f96\" data-element_type=\"widget\" data-widget_type=\"image.default\">\n\t\t\t\t<div class=\"elementor-widget-container\">\n\t\t\t\t\t\t\t\t\t\t\t\t\t\t\t<img loading=\"lazy\" decoding=\"async\" width=\"176\" height=\"162\" src=\"https:\/\/cirat.org\/comunidades-agroflorestais\/wp-content\/uploads\/2025\/05\/parceiro-logo-caesb.png\" class=\"attachment-large size-large wp-image-131\" alt=\"\" \/>\t\t\t\t\t\t\t\t\t\t\t\t\t\t\t<\/div>\n\t\t\t\t<\/div>\n\t\t\t\t<\/div>\n\t\t\t\t<\/div>\n\t\t\t\t<div class=\"elementor-element elementor-element-ad966d8 elementor-widget elementor-widget-spacer\" data-id=\"ad966d8\" data-element_type=\"widget\" data-widget_type=\"spacer.default\">\n\t\t\t\t<div class=\"elementor-widget-container\">\n\t\t\t\t\t\t\t<div class=\"elementor-spacer\">\n\t\t\t<div class=\"elementor-spacer-inner\"><\/div>\n\t\t<\/div>\n\t\t\t\t\t\t<\/div>\n\t\t\t\t<\/div>\n\t\t\t\t<\/div>\n\t\t\t\t<\/div>\n\t\t\t\t<\/div>\n\t\t\t\t<\/div>\n\t\t","protected":false},"excerpt":{"rendered":"<p>PARCEIROS\u200b Este projeto \u00e9 fruto da articula\u00e7\u00e3o realizada entre os parceiros para viabilizar mais recursos para o avan\u00e7o da agenda socioambiental no \u00e2mbito do Programa Produtor de \u00c1gua do DF e do estado de Goi\u00e1s, com intuito de fortalecer e integrar as a\u00e7\u00f5es j\u00e1 existentes de atores essenciais e de alta relev\u00e2ncia no territ\u00f3rio. Realiza\u00e7\u00e3o [&hellip;]<\/p>\n","protected":false},"author":2,"featured_media":0,"parent":0,"menu_order":0,"comment_status":"closed","ping_status":"closed","template":"","meta":{"inline_featured_image":false,"footnotes":""},"class_list":["post-324","page","type-page","status-publish","hentry"],"_links":{"self":[{"href":"https:\/\/cirat.org\/comunidades-agroflorestais\/wp-json\/wp\/v2\/pages\/324","targetHints":{"allow":["GET"]}}],"collection":[{"href":"https:\/\/cirat.org\/comunidades-agroflorestais\/wp-json\/wp\/v2\/pages"}],"about":[{"href":"https:\/\/cirat.org\/comunidades-agroflorestais\/wp-json\/wp\/v2\/types\/page"}],"author":[{"embeddable":true,"href":"https:\/\/cirat.org\/comunidades-agroflorestais\/wp-json\/wp\/v2\/users\/2"}],"replies":[{"embeddable":true,"href":"https:\/\/cirat.org\/comunidades-agroflorestais\/wp-json\/wp\/v2\/comments?post=324"}],"version-history":[{"count":88,"href":"https:\/\/cirat.org\/comunidades-agroflorestais\/wp-json\/wp\/v2\/pages\/324\/revisions"}],"predecessor-version":[{"id":1330,"href":"https:\/\/cirat.org\/comunidades-agroflorestais\/wp-json\/wp\/v2\/pages\/324\/revisions\/1330"}],"wp:attachment":[{"href":"https:\/\/cirat.org\/comunidades-agroflorestais\/wp-json\/wp\/v2\/media?parent=324"}],"curies":[{"name":"wp","href":"https:\/\/api.w.org\/{rel}","templated":true}]}}